{"id":18082,"date":"2026-02-19T13:01:12","date_gmt":"2026-02-19T13:01:12","guid":{"rendered":"https:\/\/czeczotkagourmet.pl\/?page_id=18082"},"modified":"2026-02-24T09:58:52","modified_gmt":"2026-02-24T09:58:52","slug":"sala-zyrandolowa","status":"publish","type":"page","link":"https:\/\/czeczotkagourmet.pl\/index.php\/sala-zyrandolowa\/","title":{"rendered":"Sala \u017byrandolowa"},"content":{"rendered":"\n\t<section id=\"hero-mb-block-f6ef621a-23a3-46b5-8db7-3b461739bde4\" class=\"section section-hero  alignfull section-hero section-hero-image content-white has-overlay  full-viewheightmobile\" data-aos=\"fade\">\n\n\t\t\t\t\t<div class=\"hero-bgvideo-wrap\"  style=\"max-height:860px\"  >\n\t\t\t\t<video autoplay muted loop playsinline class=\"hero-bgvideo hero-background\" src=\"https:\/\/czeczotkagourmet.pl\/wp-content\/uploads\/2026\/02\/CZECZOTKA-ZYRANDOLE.mp4\"><\/video>\n\t\t\n\t\t<div class=\"hero-content-wrap centered-content no-image-uploaded hero-content-center hmobile-content-center hmobile-contentv-middle full-width-overlay\"  style=\"background-color:rgba(0,0,0,0.4)\" >\n\t\t\t<div class=\"hero-content section-content\">\n\t\t\t\t\t\t\t\t\t\t\t\t\n\t\t                \t\t                \n\t\t\t        <div class=\"hero-content-item hero-buttons\">\n\t\t\t\t\t\t\t\t\t<\/div>\n\n\t\t\t<\/div>\n\t\t<\/div>\n\n\t\t\t\t\t<\/div>\n\t\t\n\t<\/section> \n\n\n\n\n<div style=\"height:100px\" aria-hidden=\"true\" class=\"wp-block-spacer\"><\/div>\n\n\n\n<div class=\"wp-block-columns is-layout-flex wp-container-core-columns-is-layout-9d6595d7 wp-block-columns-is-layout-flex\">\n<div class=\"wp-block-column is-layout-flow wp-block-column-is-layout-flow\" style=\"flex-basis:20%\"><\/div>\n\n\n\n<div class=\"wp-block-column is-layout-flow wp-block-column-is-layout-flow\" style=\"flex-basis:60%\">\n<h2 class=\"wp-block-heading has-text-align-center\">Sala \u017byrandolowa w Pa\u0142acu Czeczotka<\/h2>\n\n\n\n<p class=\"has-text-align-center\">W zabytkowych wn\u0119trzach Pa\u0142acu Czeczotka znajduje si\u0119 wyj\u0105tkowa Sala \u017byrandolowa \u2014 przestrze\u0144, w kt\u00f3rej historia spotyka si\u0119 z ponadczasow\u0105 elegancj\u0105. To idealne miejsce na organizacj\u0119 przyj\u0119cia okoliczno\u015bciowego, uroczystego balu, bankietu czy presti\u017cowego wydarzenia, kt\u00f3re na d\u0142ugo pozostanie w pami\u0119ci go\u015bci.<\/p>\n\n\n\n<p class=\"has-text-align-center\">Subtelne \u015bwiat\u0142o kryszta\u0142owych \u017cyrandoli, stylowe detale architektoniczne oraz widok na klimatyczne pa\u0142acowe podw\u00f3rze tworz\u0105 niepowtarzaln\u0105 atmosfer\u0119, sprzyjaj\u0105c\u0105 celebrowaniu wyj\u0105tkowych chwil.<\/p>\n\n\n\n<p class=\"has-text-align-center\">Dope\u0142nieniem do\u015bwiadczenia jest wyrafinowana kuchnia Czeczotka Gourmet Lounge \u2014 kompozycje smak\u00f3w przygotowane z najwy\u017csz\u0105 staranno\u015bci\u0105, kt\u00f3re zadowol\u0105 nawet najbardziej wymagaj\u0105ce podniebienia.<\/p>\n\n\n\n<p class=\"has-text-align-center\">Sala \u017byrandolowa to miejsce stworzone dla tych, kt\u00f3rzy ceni\u0105 klas\u0119, presti\u017c i niezapomniany klimat wydarze\u0144 w historycznej oprawie.W samym sercu Krakowa odkryj kulinarn\u0105 per\u0142\u0119 \u2014 nasza wykwintna restauracja zaprasza na niezapomnian\u0105 podr\u00f3\u017c smak\u00f3w.<\/p>\n<\/div>\n\n\n\n<div class=\"wp-block-column is-layout-flow wp-block-column-is-layout-flow\" style=\"flex-basis:20%\"><\/div>\n<\/div>\n\n\n\n<div style=\"height:100px\" aria-hidden=\"true\" id=\"menu\" class=\"wp-block-spacer\"><\/div>\n\n\n\n\t<section id=\"section-gallery-mb-block-7d03e9fc-f924-488a-a2eb-c1bbf379d133\" class=\"section section-gallery  \">\n\n\t\t<div class=\"gallery-wrap twentyfour\">\n\t\t\t\t\t<div class=\"gallery-images-masonry \">\n\n\t\t\t\t<div class=\"grid-sizer-gallery\"><\/div>\n\t\t\t\t\n\t\t\t\t\t\t<div class=\"gallery-image-wrap quarter uncropped\" data-aos=\"fade-up\" data-aos-delay=\"100\"  >\n\n\t\t\t\t\t\t\t<div class=\"gallery-image-wrap-inner\">\n\n\t\t\t\t\t\t\t\t\t\t\t\t\t\t\t\t\t<a href=\"https:\/\/czeczotkagourmet.pl\/wp-content\/uploads\/2026\/02\/4N0A4820-800x533.jpg\" class=\"links_to_image\" data-caption=\" \">\n\t\t\t\t\t\t\t\t\t\t\t\t    \t\n\t\t\t\t\t\t\t\t\t<div class=\"gallery-image\" style=\"background-image: url(https:\/\/czeczotkagourmet.pl\/wp-content\/uploads\/2026\/02\/4N0A4820-800x533.jpg);\"><\/div>\n\n\t\t\t\t\t\t\t\t\t\t\t\t\t\t\t\t\t\t<div class=\"gallery-overlay\">\n\t\t\t\t\t\t\t\t\t\t\n\t\t\t\t\t\t\t\t\t\t\t<div class=\"caption\"> <\/div>\n\t\t\t\t\t\t\t\t\t\t\n\t\t\t\t\t\t\t\t\t<\/div>\n\t\t\t\t\t\t\t\t\t\n\t\t\t\t\t\t\t\t\t\t\t\t\t\t\t\t\t<\/a>\n\t\t\t\t\t\t\t\t\n\t\t\t\t\t\t\t<\/div>\n\t\t   \t \n\t\t\t\t\t\t<\/div>\n\t\t\t\t\t\t\n\t\t\t\t\n\t\t\t\n\t\t\t\t\t\t<div class=\"gallery-image-wrap quarter uncropped\" data-aos=\"fade-up\" data-aos-delay=\"100\"  >\n\n\t\t\t\t\t\t\t<div class=\"gallery-image-wrap-inner\">\n\n\t\t\t\t\t\t\t\t\t\t\t\t\t\t\t\t\t<a href=\"https:\/\/czeczotkagourmet.pl\/wp-content\/uploads\/2026\/02\/4N0A4639-800x533.jpg\" class=\"links_to_image\" data-caption=\" \">\n\t\t\t\t\t\t\t\t\t\t\t\t    \t\n\t\t\t\t\t\t\t\t\t<div class=\"gallery-image\" style=\"background-image: url(https:\/\/czeczotkagourmet.pl\/wp-content\/uploads\/2026\/02\/4N0A4639-800x533.jpg);\"><\/div>\n\n\t\t\t\t\t\t\t\t\t\t\t\t\t\t\t\t\t\t<div class=\"gallery-overlay\">\n\t\t\t\t\t\t\t\t\t\t\n\t\t\t\t\t\t\t\t\t\t\t<div class=\"caption\"> <\/div>\n\t\t\t\t\t\t\t\t\t\t\n\t\t\t\t\t\t\t\t\t<\/div>\n\t\t\t\t\t\t\t\t\t\n\t\t\t\t\t\t\t\t\t\t\t\t\t\t\t\t\t<\/a>\n\t\t\t\t\t\t\t\t\n\t\t\t\t\t\t\t<\/div>\n\t\t   \t \n\t\t\t\t\t\t<\/div>\n\t\t\t\t\t\t\n\t\t\t\t\n\t\t\t\n\t\t\t\t\t\t<div class=\"gallery-image-wrap quarter uncropped\" data-aos=\"fade-up\" data-aos-delay=\"100\"  >\n\n\t\t\t\t\t\t\t<div class=\"gallery-image-wrap-inner\">\n\n\t\t\t\t\t\t\t\t\t\t\t\t\t\t\t\t\t<a href=\"https:\/\/czeczotkagourmet.pl\/wp-content\/uploads\/2026\/02\/4N0A4656-800x533.jpg\" class=\"links_to_image\" data-caption=\" \">\n\t\t\t\t\t\t\t\t\t\t\t\t    \t\n\t\t\t\t\t\t\t\t\t<div class=\"gallery-image\" style=\"background-image: url(https:\/\/czeczotkagourmet.pl\/wp-content\/uploads\/2026\/02\/4N0A4656-800x533.jpg);\"><\/div>\n\n\t\t\t\t\t\t\t\t\t\t\t\t\t\t\t\t\t\t<div class=\"gallery-overlay\">\n\t\t\t\t\t\t\t\t\t\t\n\t\t\t\t\t\t\t\t\t\t\t<div class=\"caption\"> <\/div>\n\t\t\t\t\t\t\t\t\t\t\n\t\t\t\t\t\t\t\t\t<\/div>\n\t\t\t\t\t\t\t\t\t\n\t\t\t\t\t\t\t\t\t\t\t\t\t\t\t\t\t<\/a>\n\t\t\t\t\t\t\t\t\n\t\t\t\t\t\t\t<\/div>\n\t\t   \t \n\t\t\t\t\t\t<\/div>\n\t\t\t\t\t\t\n\t\t\t\t\n\t\t\t\n\t\t\t\t\t\t<div class=\"gallery-image-wrap quarter uncropped\" data-aos=\"fade-up\" data-aos-delay=\"100\"  >\n\n\t\t\t\t\t\t\t<div class=\"gallery-image-wrap-inner\">\n\n\t\t\t\t\t\t\t\t\t\t\t\t\t\t\t\t\t<a href=\"https:\/\/czeczotkagourmet.pl\/wp-content\/uploads\/2026\/02\/4N0A4766-800x533.jpg\" class=\"links_to_image\" data-caption=\" \">\n\t\t\t\t\t\t\t\t\t\t\t\t    \t\n\t\t\t\t\t\t\t\t\t<div class=\"gallery-image\" style=\"background-image: url(https:\/\/czeczotkagourmet.pl\/wp-content\/uploads\/2026\/02\/4N0A4766-800x533.jpg);\"><\/div>\n\n\t\t\t\t\t\t\t\t\t\t\t\t\t\t\t\t\t\t<div class=\"gallery-overlay\">\n\t\t\t\t\t\t\t\t\t\t\n\t\t\t\t\t\t\t\t\t\t\t<div class=\"caption\"> <\/div>\n\t\t\t\t\t\t\t\t\t\t\n\t\t\t\t\t\t\t\t\t<\/div>\n\t\t\t\t\t\t\t\t\t\n\t\t\t\t\t\t\t\t\t\t\t\t\t\t\t\t\t<\/a>\n\t\t\t\t\t\t\t\t\n\t\t\t\t\t\t\t<\/div>\n\t\t   \t \n\t\t\t\t\t\t<\/div>\n\t\t\t\t\t\t\n\t\t\t\t\n\t\t\t\n\t\t\t\t\t\t<div class=\"gallery-image-wrap quarter uncropped\" data-aos=\"fade-up\" data-aos-delay=\"100\"  >\n\n\t\t\t\t\t\t\t<div class=\"gallery-image-wrap-inner\">\n\n\t\t\t\t\t\t\t\t\t\t\t\t\t\t\t\t\t<a href=\"https:\/\/czeczotkagourmet.pl\/wp-content\/uploads\/2026\/02\/4N0A4654-800x533.jpg\" class=\"links_to_image\" \">\n\t\t\t\t\t\t\t\t\t\t\t\t    \t\n\t\t\t\t\t\t\t\t\t<div class=\"gallery-image\" style=\"background-image: url(https:\/\/czeczotkagourmet.pl\/wp-content\/uploads\/2026\/02\/4N0A4654-800x533.jpg);\"><\/div>\n\n\t\t\t\t\t\t\t\t\t\n\t\t\t\t\t\t\t\t\t\t\t\t\t\t\t\t\t<\/a>\n\t\t\t\t\t\t\t\t\n\t\t\t\t\t\t\t<\/div>\n\t\t   \t \n\t\t\t\t\t\t<\/div>\n\t\t\t\t\t\t\n\t\t\t\t\n\t\t\t\n\t\t\t\t\t\t<div class=\"gallery-image-wrap quarter uncropped\" data-aos=\"fade-up\" data-aos-delay=\"100\"  >\n\n\t\t\t\t\t\t\t<div class=\"gallery-image-wrap-inner\">\n\n\t\t\t\t\t\t\t\t\t\t\t\t\t\t\t\t\t<a href=\"https:\/\/czeczotkagourmet.pl\/wp-content\/uploads\/2026\/02\/4N0A4697-800x533.jpg\" class=\"links_to_image\" \">\n\t\t\t\t\t\t\t\t\t\t\t\t    \t\n\t\t\t\t\t\t\t\t\t<div class=\"gallery-image\" style=\"background-image: url(https:\/\/czeczotkagourmet.pl\/wp-content\/uploads\/2026\/02\/4N0A4697-800x533.jpg);\"><\/div>\n\n\t\t\t\t\t\t\t\t\t\n\t\t\t\t\t\t\t\t\t\t\t\t\t\t\t\t\t<\/a>\n\t\t\t\t\t\t\t\t\n\t\t\t\t\t\t\t<\/div>\n\t\t   \t \n\t\t\t\t\t\t<\/div>\n\t\t\t\t\t\t\n\t\t\t\t\n\t\t\t\n\t\t\t\t\t\t<div class=\"gallery-image-wrap quarter uncropped\" data-aos=\"fade-up\" data-aos-delay=\"100\"  >\n\n\t\t\t\t\t\t\t<div class=\"gallery-image-wrap-inner\">\n\n\t\t\t\t\t\t\t\t\t\t\t\t\t\t\t\t\t<a href=\"https:\/\/czeczotkagourmet.pl\/wp-content\/uploads\/2026\/02\/4N0A4668-800x533.jpg\" class=\"links_to_image\" \">\n\t\t\t\t\t\t\t\t\t\t\t\t    \t\n\t\t\t\t\t\t\t\t\t<div class=\"gallery-image\" style=\"background-image: url(https:\/\/czeczotkagourmet.pl\/wp-content\/uploads\/2026\/02\/4N0A4668-800x533.jpg);\"><\/div>\n\n\t\t\t\t\t\t\t\t\t\n\t\t\t\t\t\t\t\t\t\t\t\t\t\t\t\t\t<\/a>\n\t\t\t\t\t\t\t\t\n\t\t\t\t\t\t\t<\/div>\n\t\t   \t \n\t\t\t\t\t\t<\/div>\n\t\t\t\t\t\t\n\t\t\t\t\n\t\t\t\n\t\t\t\t\t\t<div class=\"gallery-image-wrap quarter uncropped\" data-aos=\"fade-up\" data-aos-delay=\"100\"  >\n\n\t\t\t\t\t\t\t<div class=\"gallery-image-wrap-inner\">\n\n\t\t\t\t\t\t\t\t\t\t\t\t\t\t\t\t\t<a href=\"https:\/\/czeczotkagourmet.pl\/wp-content\/uploads\/2026\/02\/4N0A4788-800x533.jpg\" class=\"links_to_image\" \">\n\t\t\t\t\t\t\t\t\t\t\t\t    \t\n\t\t\t\t\t\t\t\t\t<div class=\"gallery-image\" style=\"background-image: url(https:\/\/czeczotkagourmet.pl\/wp-content\/uploads\/2026\/02\/4N0A4788-800x533.jpg);\"><\/div>\n\n\t\t\t\t\t\t\t\t\t\n\t\t\t\t\t\t\t\t\t\t\t\t\t\t\t\t\t<\/a>\n\t\t\t\t\t\t\t\t\n\t\t\t\t\t\t\t<\/div>\n\t\t   \t \n\t\t\t\t\t\t<\/div>\n\t\t\t\t\t\t\n\t\t\t\t\n\t\t\t\t\t\t<\/div>\n\t\t\t\t<\/div>\n\t<\/section> \n\n\n\n<div style=\"height:100px\" aria-hidden=\"true\" class=\"wp-block-spacer\"><\/div>\n\n\n\n\t<section id=\"logos-mb-block-f9ff439a-b6ce-4b56-a117-8305b1fb2e33\" class=\"section section-logos  \">\n\n\t\t<div class=\"press-logos-wrap\">\n\t\t\t\t\t<div class=\"press-logos has-border\">\n\t\t\t\t\t\t\t<div class=\"press-logo\" style=\"min-width:240px; height:156px;\">\n\n\t\t\t\t    \t <a href=\"https:\/\/czeczotkabar.pl\/index.php\/charmant\/\"> \n\t\t\t\t    \t\t<img decoding=\"async\" src=\"https:\/\/czeczotkagourmet.pl\/wp-content\/uploads\/2025\/05\/charmant.png\" alt=\"\" style=\"max-width:120px; max-height:120px\" \/>\n\n\t\t\t\t    \t <\/a> \n\t\t\t\t<\/div>\n\t\t\t\t\n\t\t\t\t\t\t\t<div class=\"press-logo\" style=\"min-width:240px; height:156px;\">\n\n\t\t\t\t    \t <a href=\"https:\/\/czeczotkabar.pl\/\"> \n\t\t\t\t    \t\t<img decoding=\"async\" src=\"https:\/\/czeczotkagourmet.pl\/wp-content\/uploads\/2025\/05\/czeczotkabar.png\" alt=\"\" style=\"max-width:120px; max-height:120px\" \/>\n\n\t\t\t\t    \t <\/a> \n\t\t\t\t<\/div>\n\t\t\t\t\n\t\t\t\t\t\t\t<div class=\"press-logo\" style=\"min-width:240px; height:156px;\">\n\n\t\t\t\t    \t <a href=\"https:\/\/palacczeczotka.pl\/\"> \n\t\t\t\t    \t\t<img decoding=\"async\" src=\"https:\/\/czeczotkagourmet.pl\/wp-content\/uploads\/2025\/04\/palac.png\" alt=\"\" style=\"max-width:120px; max-height:120px\" \/>\n\n\t\t\t\t    \t <\/a> \n\t\t\t\t<\/div>\n\t\t\t\t\n\t\t\t\t\t\t<\/div>\n\t\t\t\t<\/div>\n\n\t<\/section> \n\n\n\n\n<div style=\"height:100px\" aria-hidden=\"true\" class=\"wp-block-spacer\"><\/div>\n","protected":false},"excerpt":{"rendered":"Sala \u017byrandolowa w Pa\u0142acu Czeczotka W zabytkowych wn\u0119trzach Pa\u0142acu Czeczotka znajduje si\u0119 wyj\u0105tkowa Sala \u017byrandolowa \u2014","protected":false},"author":3,"featured_media":0,"parent":0,"menu_order":19,"comment_status":"closed","ping_status":"closed","template":"","meta":{"footnotes":""},"class_list":["post-18082","page","type-page","status-publish","hentry"],"_links":{"self":[{"href":"https:\/\/czeczotkagourmet.pl\/index.php\/wp-json\/wp\/v2\/pages\/18082","targetHints":{"allow":["GET"]}}],"collection":[{"href":"https:\/\/czeczotkagourmet.pl\/index.php\/wp-json\/wp\/v2\/pages"}],"about":[{"href":"https:\/\/czeczotkagourmet.pl\/index.php\/wp-json\/wp\/v2\/types\/page"}],"author":[{"embeddable":true,"href":"https:\/\/czeczotkagourmet.pl\/index.php\/wp-json\/wp\/v2\/users\/3"}],"replies":[{"embeddable":true,"href":"https:\/\/czeczotkagourmet.pl\/index.php\/wp-json\/wp\/v2\/comments?post=18082"}],"version-history":[{"count":3,"href":"https:\/\/czeczotkagourmet.pl\/index.php\/wp-json\/wp\/v2\/pages\/18082\/revisions"}],"predecessor-version":[{"id":18114,"href":"https:\/\/czeczotkagourmet.pl\/index.php\/wp-json\/wp\/v2\/pages\/18082\/revisions\/18114"}],"wp:attachment":[{"href":"https:\/\/czeczotkagourmet.pl\/index.php\/wp-json\/wp\/v2\/media?parent=18082"}],"curies":[{"name":"wp","href":"https:\/\/api.w.org\/{rel}","templated":true}]}}